{"id":21,"date":"2026-02-03T14:53:19","date_gmt":"2026-02-03T13:53:19","guid":{"rendered":"http:\/\/klaster-choczewo.pl\/?page_id=21"},"modified":"2026-03-30T10:03:26","modified_gmt":"2026-03-30T08:03:26","slug":"o-klastrze","status":"publish","type":"page","link":"https:\/\/klaster-choczewo.pl\/?page_id=21","title":{"rendered":"Rada Klastra"},"content":{"rendered":"\t\t<div data-elementor-type=\"wp-page\" data-elementor-id=\"21\" class=\"elementor elementor-21\">\n\t\t\t\t<div class=\"elementor-element elementor-element-a63eb36 e-flex e-con-boxed e-con e-parent\" data-id=\"a63eb36\" data-element_type=\"container\" data-e-type=\"container\">\n\t\t\t\t\t<div class=\"e-con-inner\">\n\t\t\t\t<div class=\"elementor-element elementor-element-1909c7e elementor-widget elementor-widget-text-editor\" data-id=\"1909c7e\" data-element_type=\"widget\" data-e-type=\"widget\" data-widget_type=\"text-editor.default\">\n\t\t\t\t\t\t\t\t\t<p>Rada Klastra Energii<\/p>\t\t\t\t\t\t\t\t<\/div>\n\t\t\t\t\t<\/div>\n\t\t\t\t<\/div>\n\t\t<div class=\"elementor-element elementor-element-138ac23 e-flex e-con-boxed e-con e-parent\" data-id=\"138ac23\" data-element_type=\"container\" data-e-type=\"container\">\n\t\t\t\t\t<div class=\"e-con-inner\">\n\t\t\t\t<div class=\"elementor-element elementor-element-f6365b0 elementor-widget-divider--view-line elementor-widget elementor-widget-divider\" data-id=\"f6365b0\" data-element_type=\"widget\" data-e-type=\"widget\" data-widget_type=\"divider.default\">\n\t\t\t\t\t\t\t<div class=\"elementor-divider\">\n\t\t\t<span class=\"elementor-divider-separator\">\n\t\t\t\t\t\t<\/span>\n\t\t<\/div>\n\t\t\t\t\t\t<\/div>\n\t\t\t\t\t<\/div>\n\t\t\t\t<\/div>\n\t\t<div class=\"elementor-element elementor-element-ef437c6 e-flex e-con-boxed e-con e-parent\" data-id=\"ef437c6\" data-element_type=\"container\" data-e-type=\"container\">\n\t\t\t\t\t<div class=\"e-con-inner\">\n\t\t\t\t<div class=\"elementor-element elementor-element-f34cee1 elementor-widget elementor-widget-text-editor\" data-id=\"f34cee1\" data-element_type=\"widget\" data-e-type=\"widget\" data-widget_type=\"text-editor.default\">\n\t\t\t\t\t\t\t\t\t<p>Rada Klastra Energii stanowi organ strategiczny i doradczy, wyznaczaj\u0105cy kierunki rozwoju klastra oraz wspieraj\u0105cy jego stabilne i d\u0142ugoterminowe funkcjonowanie. Jej zadaniem jest kszta\u0142towanie kierunk\u00f3w dzia\u0142ania, opiniowanie kluczowych decyzji oraz zapewnienie zgodno\u015bci funkcjonowania klastra z jego celami energetycznymi, \u015brodowiskowymi i gospodarczymi.<\/p><p>Rada wspiera rozw\u00f3j lokalnego rynku energii, monitoruje realizacj\u0119 strategii klastra oraz dba o r\u00f3wnowag\u0119 pomi\u0119dzy interesami jego uczestnik\u00f3w. Istotnym elementem jej dzia\u0142alno\u015bci jest tak\u017ce wspieranie integracji nowych cz\u0142onk\u00f3w, rozw\u00f3j wsp\u00f3\u0142pracy pomi\u0119dzy uczestnikami oraz wzmacnianie bezpiecze\u0144stwa i samobilansowania lokalnego systemu energetycznego.<\/p><p>Rada Klastra pe\u0142ni funkcj\u0119 decyzyjn\u0105 w zakresie przyjmowania nowych cz\u0142onk\u00f3w rekomendowanych przez Koordynatora.<\/p><p>W sk\u0142ad Rady Klastra Energii wchodz\u0105:<\/p><p>\u2013<span>\u00a0<\/span><strong>Przewodnicz\u0105cy Rady Klastra:<\/strong><br \/>Urz\u0105d Gminy Choczewo<\/p><p>\u2013<span>\u00a0<\/span><strong>Cz\u0142onkowie Rady Klastra:<\/strong><br \/>Centrum Badawczo-Rozwojowe Future Solutions Sp. z o.o.<br \/>Energy Coin Market Sp. z o.o.<br \/>Choczewo Inwestycje Gminne Sp. z o.o.<\/p>\t\t\t\t\t\t\t\t<\/div>\n\t\t\t\t\t<\/div>\n\t\t\t\t<\/div>\n\t\t\t\t<\/div>\n\t\t","protected":false},"excerpt":{"rendered":"<p>Rada Klastra Energii Rada Klastra Energii stanowi organ strategiczny i doradczy, wyznaczaj\u0105cy kierunki rozwoju klastra oraz wspieraj\u0105cy jego stabilne i d\u0142ugoterminowe funkcjonowanie. Jej zadaniem jest kszta\u0142towanie kierunk\u00f3w dzia\u0142ania, opiniowanie kluczowych decyzji oraz<\/p>\n","protected":false},"author":1,"featured_media":0,"parent":0,"menu_order":0,"comment_status":"closed","ping_status":"closed","template":"elementor_header_footer","meta":{"footnotes":""},"class_list":["post-21","page","type-page","status-publish","hentry","entry"],"yoast_head":"<!-- This site is optimized with the Yoast SEO plugin v26.9 - https:\/\/yoast.com\/product\/yoast-seo-wordpress\/ -->\n<title>Rada Klastra - Choczewo Klaster Energii<\/title>\n<meta name=\"robots\" content=\"index, follow, max-snippet:-1, max-image-preview:large, max-video-preview:-1\" \/>\n<link rel=\"canonical\" href=\"https:\/\/klaster-choczewo.pl\/?page_id=21\" \/>\n<meta property=\"og:locale\" content=\"pl_PL\" \/>\n<meta property=\"og:type\" content=\"article\" \/>\n<meta property=\"og:title\" content=\"Rada Klastra - Choczewo Klaster Energii\" \/>\n<meta property=\"og:description\" content=\"Rada Klastra Energii Rada Klastra Energii stanowi organ strategiczny i doradczy, wyznaczaj\u0105cy kierunki rozwoju klastra oraz wspieraj\u0105cy jego stabilne i d\u0142ugoterminowe funkcjonowanie. Jej zadaniem jest kszta\u0142towanie kierunk\u00f3w dzia\u0142ania, opiniowanie kluczowych decyzji oraz\" \/>\n<meta property=\"og:url\" content=\"https:\/\/klaster-choczewo.pl\/?page_id=21\" \/>\n<meta property=\"og:site_name\" content=\"Choczewo Klaster Energii\" \/>\n<meta property=\"article:modified_time\" content=\"2026-03-30T08:03:26+00:00\" \/>\n<meta name=\"twitter:label1\" content=\"Szacowany czas czytania\" \/>\n\t<meta name=\"twitter:data1\" content=\"1 minuta\" \/>\n<script type=\"application\/ld+json\" class=\"yoast-schema-graph\">{\"@context\":\"https:\/\/schema.org\",\"@graph\":[{\"@type\":\"WebPage\",\"@id\":\"https:\/\/klaster-choczewo.pl\/?page_id=21\",\"url\":\"https:\/\/klaster-choczewo.pl\/?page_id=21\",\"name\":\"Rada Klastra - Choczewo Klaster Energii\",\"isPartOf\":{\"@id\":\"https:\/\/klaster-choczewo.pl\/#website\"},\"datePublished\":\"2026-02-03T13:53:19+00:00\",\"dateModified\":\"2026-03-30T08:03:26+00:00\",\"breadcrumb\":{\"@id\":\"https:\/\/klaster-choczewo.pl\/?page_id=21#breadcrumb\"},\"inLanguage\":\"pl-PL\",\"potentialAction\":[{\"@type\":\"ReadAction\",\"target\":[\"https:\/\/klaster-choczewo.pl\/?page_id=21\"]}]},{\"@type\":\"BreadcrumbList\",\"@id\":\"https:\/\/klaster-choczewo.pl\/?page_id=21#breadcrumb\",\"itemListElement\":[{\"@type\":\"ListItem\",\"position\":1,\"name\":\"Home\",\"item\":\"https:\/\/klaster-choczewo.pl\/\"},{\"@type\":\"ListItem\",\"position\":2,\"name\":\"Rada Klastra\"}]},{\"@type\":\"WebSite\",\"@id\":\"https:\/\/klaster-choczewo.pl\/#website\",\"url\":\"https:\/\/klaster-choczewo.pl\/\",\"name\":\"Choczewo Klaster Energii\",\"description\":\"\",\"potentialAction\":[{\"@type\":\"SearchAction\",\"target\":{\"@type\":\"EntryPoint\",\"urlTemplate\":\"https:\/\/klaster-choczewo.pl\/?s={search_term_string}\"},\"query-input\":{\"@type\":\"PropertyValueSpecification\",\"valueRequired\":true,\"valueName\":\"search_term_string\"}}],\"inLanguage\":\"pl-PL\"}]}<\/script>\n<!-- \/ Yoast SEO plugin. -->","yoast_head_json":{"title":"Rada Klastra - Choczewo Klaster Energii","robots":{"index":"index","follow":"follow","max-snippet":"max-snippet:-1","max-image-preview":"max-image-preview:large","max-video-preview":"max-video-preview:-1"},"canonical":"https:\/\/klaster-choczewo.pl\/?page_id=21","og_locale":"pl_PL","og_type":"article","og_title":"Rada Klastra - Choczewo Klaster Energii","og_description":"Rada Klastra Energii Rada Klastra Energii stanowi organ strategiczny i doradczy, wyznaczaj\u0105cy kierunki rozwoju klastra oraz wspieraj\u0105cy jego stabilne i d\u0142ugoterminowe funkcjonowanie. Jej zadaniem jest kszta\u0142towanie kierunk\u00f3w dzia\u0142ania, opiniowanie kluczowych decyzji oraz","og_url":"https:\/\/klaster-choczewo.pl\/?page_id=21","og_site_name":"Choczewo Klaster Energii","article_modified_time":"2026-03-30T08:03:26+00:00","twitter_misc":{"Szacowany czas czytania":"1 minuta"},"schema":{"@context":"https:\/\/schema.org","@graph":[{"@type":"WebPage","@id":"https:\/\/klaster-choczewo.pl\/?page_id=21","url":"https:\/\/klaster-choczewo.pl\/?page_id=21","name":"Rada Klastra - Choczewo Klaster Energii","isPartOf":{"@id":"https:\/\/klaster-choczewo.pl\/#website"},"datePublished":"2026-02-03T13:53:19+00:00","dateModified":"2026-03-30T08:03:26+00:00","breadcrumb":{"@id":"https:\/\/klaster-choczewo.pl\/?page_id=21#breadcrumb"},"inLanguage":"pl-PL","potentialAction":[{"@type":"ReadAction","target":["https:\/\/klaster-choczewo.pl\/?page_id=21"]}]},{"@type":"BreadcrumbList","@id":"https:\/\/klaster-choczewo.pl\/?page_id=21#breadcrumb","itemListElement":[{"@type":"ListItem","position":1,"name":"Home","item":"https:\/\/klaster-choczewo.pl\/"},{"@type":"ListItem","position":2,"name":"Rada Klastra"}]},{"@type":"WebSite","@id":"https:\/\/klaster-choczewo.pl\/#website","url":"https:\/\/klaster-choczewo.pl\/","name":"Choczewo Klaster Energii","description":"","potentialAction":[{"@type":"SearchAction","target":{"@type":"EntryPoint","urlTemplate":"https:\/\/klaster-choczewo.pl\/?s={search_term_string}"},"query-input":{"@type":"PropertyValueSpecification","valueRequired":true,"valueName":"search_term_string"}}],"inLanguage":"pl-PL"}]}},"_links":{"self":[{"href":"https:\/\/klaster-choczewo.pl\/index.php?rest_route=\/wp\/v2\/pages\/21","targetHints":{"allow":["GET"]}}],"collection":[{"href":"https:\/\/klaster-choczewo.pl\/index.php?rest_route=\/wp\/v2\/pages"}],"about":[{"href":"https:\/\/klaster-choczewo.pl\/index.php?rest_route=\/wp\/v2\/types\/page"}],"author":[{"embeddable":true,"href":"https:\/\/klaster-choczewo.pl\/index.php?rest_route=\/wp\/v2\/users\/1"}],"replies":[{"embeddable":true,"href":"https:\/\/klaster-choczewo.pl\/index.php?rest_route=%2Fwp%2Fv2%2Fcomments&post=21"}],"version-history":[{"count":15,"href":"https:\/\/klaster-choczewo.pl\/index.php?rest_route=\/wp\/v2\/pages\/21\/revisions"}],"predecessor-version":[{"id":327,"href":"https:\/\/klaster-choczewo.pl\/index.php?rest_route=\/wp\/v2\/pages\/21\/revisions\/327"}],"wp:attachment":[{"href":"https:\/\/klaster-choczewo.pl\/index.php?rest_route=%2Fwp%2Fv2%2Fmedia&parent=21"}],"curies":[{"name":"wp","href":"https:\/\/api.w.org\/{rel}","templated":true}]}}