{"id":25,"date":"2026-02-03T14:54:30","date_gmt":"2026-02-03T13:54:30","guid":{"rendered":"http:\/\/klaster-choczewo.pl\/?page_id=25"},"modified":"2026-03-30T09:57:35","modified_gmt":"2026-03-30T07:57:35","slug":"zasady-uczestnictwa","status":"publish","type":"page","link":"https:\/\/klaster-choczewo.pl\/?page_id=25","title":{"rendered":"\u2060Koordynator"},"content":{"rendered":"\t\t<div data-elementor-type=\"wp-page\" data-elementor-id=\"25\" class=\"elementor elementor-25\">\n\t\t\t\t<div class=\"elementor-element elementor-element-779da43 e-flex e-con-boxed e-con e-parent\" data-id=\"779da43\" data-element_type=\"container\" data-e-type=\"container\">\n\t\t\t\t\t<div class=\"e-con-inner\">\n\t\t\t\t<div class=\"elementor-element elementor-element-f144324 elementor-widget elementor-widget-text-editor\" data-id=\"f144324\" data-element_type=\"widget\" data-e-type=\"widget\" data-widget_type=\"text-editor.default\">\n\t\t\t\t\t\t\t\t\t<p>Koordynator Klastra Energii<\/p>\t\t\t\t\t\t\t\t<\/div>\n\t\t\t\t\t<\/div>\n\t\t\t\t<\/div>\n\t\t<div class=\"elementor-element elementor-element-ac7db07 e-flex e-con-boxed e-con e-parent\" data-id=\"ac7db07\" data-element_type=\"container\" data-e-type=\"container\">\n\t\t\t\t\t<div class=\"e-con-inner\">\n\t\t\t\t<div class=\"elementor-element elementor-element-611615b elementor-widget-divider--view-line elementor-widget elementor-widget-divider\" data-id=\"611615b\" data-element_type=\"widget\" data-e-type=\"widget\" data-widget_type=\"divider.default\">\n\t\t\t\t\t\t\t<div class=\"elementor-divider\">\n\t\t\t<span class=\"elementor-divider-separator\">\n\t\t\t\t\t\t<\/span>\n\t\t<\/div>\n\t\t\t\t\t\t<\/div>\n\t\t\t\t\t<\/div>\n\t\t\t\t<\/div>\n\t\t<div class=\"elementor-element elementor-element-dccc624 e-flex e-con-boxed e-con e-parent\" data-id=\"dccc624\" data-element_type=\"container\" data-e-type=\"container\">\n\t\t\t\t\t<div class=\"e-con-inner\">\n\t\t\t\t<div class=\"elementor-element elementor-element-50571d0 elementor-widget elementor-widget-text-editor\" data-id=\"50571d0\" data-element_type=\"widget\" data-e-type=\"widget\" data-widget_type=\"text-editor.default\">\n\t\t\t\t\t\t\t\t\t<p>Koordynator Klastra Energii pe\u0142ni kluczow\u0105 rol\u0119 operacyjn\u0105 i organizacyjn\u0105, zapewniaj\u0105c sprawne funkcjonowanie klastra oraz realizacj\u0119 jego cel\u00f3w energetycznych, \u015brodowiskowych i ekonomicznych. Do jego zada\u0144 nale\u017cy integracja dzia\u0142a\u0144 uczestnik\u00f3w, nadz\u00f3r nad bilansowaniem lokalnego systemu energii, rozw\u00f3j rynku wewn\u0119trznego oraz koordynacja projekt\u00f3w inwestycyjnych i technologicznych.<\/p><p>Koordynator wspiera wsp\u00f3\u0142prac\u0119 pomi\u0119dzy samorz\u0105dami, przedsi\u0119biorstwami i partnerami technologicznymi, zapewnia transparentno\u015b\u0107 danych, rozw\u00f3j system\u00f3w rozliczeniowych oraz wdra\u017canie rozwi\u0105za\u0144 zwi\u0119kszaj\u0105cych autokonsumpcj\u0119, efektywno\u015b\u0107 energetyczn\u0105 i bezpiecze\u0144stwo lokalnego systemu energii.<\/p><p>W ramach swojej funkcji Koordynator odpowiada r\u00f3wnie\u017c za rozw\u00f3j klastra, w\u0142\u0105czanie nowych uczestnik\u00f3w, monitorowanie efekt\u00f3w \u015brodowiskowych oraz wspieranie realizacji cel\u00f3w zr\u00f3wnowa\u017conego rozwoju i raportowania ESG.<\/p><p><strong>W Klastrze Energii Choczewo funkcj\u0119 Koordynatora pe\u0142ni:<\/strong><\/p><p><span style=\"color: black;\">Choczewo Inwestycje Gminne Sp. z o.o.<\/span><\/p>\t\t\t\t\t\t\t\t<\/div>\n\t\t\t\t\t<\/div>\n\t\t\t\t<\/div>\n\t\t\t\t<\/div>\n\t\t","protected":false},"excerpt":{"rendered":"<p>Koordynator Klastra Energii Koordynator Klastra Energii pe\u0142ni kluczow\u0105 rol\u0119 operacyjn\u0105 i organizacyjn\u0105, zapewniaj\u0105c sprawne funkcjonowanie klastra oraz realizacj\u0119 jego cel\u00f3w energetycznych, \u015brodowiskowych i ekonomicznych. Do jego zada\u0144 nale\u017cy integracja dzia\u0142a\u0144 uczestnik\u00f3w, nadz\u00f3r<\/p>\n","protected":false},"author":1,"featured_media":0,"parent":0,"menu_order":0,"comment_status":"closed","ping_status":"closed","template":"elementor_header_footer","meta":{"footnotes":""},"class_list":["post-25","page","type-page","status-publish","hentry","entry"],"yoast_head":"<!-- This site is optimized with the Yoast SEO plugin v26.9 - https:\/\/yoast.com\/product\/yoast-seo-wordpress\/ -->\n<title>\u2060Koordynator - Choczewo Klaster Energii<\/title>\n<meta name=\"robots\" content=\"index, follow, max-snippet:-1, max-image-preview:large, max-video-preview:-1\" \/>\n<link rel=\"canonical\" href=\"https:\/\/klaster-choczewo.pl\/?page_id=25\" \/>\n<meta property=\"og:locale\" content=\"pl_PL\" \/>\n<meta property=\"og:type\" content=\"article\" \/>\n<meta property=\"og:title\" content=\"\u2060Koordynator - Choczewo Klaster Energii\" \/>\n<meta property=\"og:description\" content=\"Koordynator Klastra Energii Koordynator Klastra Energii pe\u0142ni kluczow\u0105 rol\u0119 operacyjn\u0105 i organizacyjn\u0105, zapewniaj\u0105c sprawne funkcjonowanie klastra oraz realizacj\u0119 jego cel\u00f3w energetycznych, \u015brodowiskowych i ekonomicznych. Do jego zada\u0144 nale\u017cy integracja dzia\u0142a\u0144 uczestnik\u00f3w, nadz\u00f3r\" \/>\n<meta property=\"og:url\" content=\"https:\/\/klaster-choczewo.pl\/?page_id=25\" \/>\n<meta property=\"og:site_name\" content=\"Choczewo Klaster Energii\" \/>\n<meta property=\"article:modified_time\" content=\"2026-03-30T07:57:35+00:00\" \/>\n<meta name=\"twitter:label1\" content=\"Szacowany czas czytania\" \/>\n\t<meta name=\"twitter:data1\" content=\"1 minuta\" \/>\n<script type=\"application\/ld+json\" class=\"yoast-schema-graph\">{\"@context\":\"https:\/\/schema.org\",\"@graph\":[{\"@type\":\"WebPage\",\"@id\":\"https:\/\/klaster-choczewo.pl\/?page_id=25\",\"url\":\"https:\/\/klaster-choczewo.pl\/?page_id=25\",\"name\":\"\u2060Koordynator - Choczewo Klaster Energii\",\"isPartOf\":{\"@id\":\"https:\/\/klaster-choczewo.pl\/#website\"},\"datePublished\":\"2026-02-03T13:54:30+00:00\",\"dateModified\":\"2026-03-30T07:57:35+00:00\",\"breadcrumb\":{\"@id\":\"https:\/\/klaster-choczewo.pl\/?page_id=25#breadcrumb\"},\"inLanguage\":\"pl-PL\",\"potentialAction\":[{\"@type\":\"ReadAction\",\"target\":[\"https:\/\/klaster-choczewo.pl\/?page_id=25\"]}]},{\"@type\":\"BreadcrumbList\",\"@id\":\"https:\/\/klaster-choczewo.pl\/?page_id=25#breadcrumb\",\"itemListElement\":[{\"@type\":\"ListItem\",\"position\":1,\"name\":\"Home\",\"item\":\"https:\/\/klaster-choczewo.pl\/\"},{\"@type\":\"ListItem\",\"position\":2,\"name\":\"\u2060Koordynator\"}]},{\"@type\":\"WebSite\",\"@id\":\"https:\/\/klaster-choczewo.pl\/#website\",\"url\":\"https:\/\/klaster-choczewo.pl\/\",\"name\":\"Choczewo Klaster Energii\",\"description\":\"\",\"potentialAction\":[{\"@type\":\"SearchAction\",\"target\":{\"@type\":\"EntryPoint\",\"urlTemplate\":\"https:\/\/klaster-choczewo.pl\/?s={search_term_string}\"},\"query-input\":{\"@type\":\"PropertyValueSpecification\",\"valueRequired\":true,\"valueName\":\"search_term_string\"}}],\"inLanguage\":\"pl-PL\"}]}<\/script>\n<!-- \/ Yoast SEO plugin. -->","yoast_head_json":{"title":"\u2060Koordynator - Choczewo Klaster Energii","robots":{"index":"index","follow":"follow","max-snippet":"max-snippet:-1","max-image-preview":"max-image-preview:large","max-video-preview":"max-video-preview:-1"},"canonical":"https:\/\/klaster-choczewo.pl\/?page_id=25","og_locale":"pl_PL","og_type":"article","og_title":"\u2060Koordynator - Choczewo Klaster Energii","og_description":"Koordynator Klastra Energii Koordynator Klastra Energii pe\u0142ni kluczow\u0105 rol\u0119 operacyjn\u0105 i organizacyjn\u0105, zapewniaj\u0105c sprawne funkcjonowanie klastra oraz realizacj\u0119 jego cel\u00f3w energetycznych, \u015brodowiskowych i ekonomicznych. Do jego zada\u0144 nale\u017cy integracja dzia\u0142a\u0144 uczestnik\u00f3w, nadz\u00f3r","og_url":"https:\/\/klaster-choczewo.pl\/?page_id=25","og_site_name":"Choczewo Klaster Energii","article_modified_time":"2026-03-30T07:57:35+00:00","twitter_misc":{"Szacowany czas czytania":"1 minuta"},"schema":{"@context":"https:\/\/schema.org","@graph":[{"@type":"WebPage","@id":"https:\/\/klaster-choczewo.pl\/?page_id=25","url":"https:\/\/klaster-choczewo.pl\/?page_id=25","name":"\u2060Koordynator - Choczewo Klaster Energii","isPartOf":{"@id":"https:\/\/klaster-choczewo.pl\/#website"},"datePublished":"2026-02-03T13:54:30+00:00","dateModified":"2026-03-30T07:57:35+00:00","breadcrumb":{"@id":"https:\/\/klaster-choczewo.pl\/?page_id=25#breadcrumb"},"inLanguage":"pl-PL","potentialAction":[{"@type":"ReadAction","target":["https:\/\/klaster-choczewo.pl\/?page_id=25"]}]},{"@type":"BreadcrumbList","@id":"https:\/\/klaster-choczewo.pl\/?page_id=25#breadcrumb","itemListElement":[{"@type":"ListItem","position":1,"name":"Home","item":"https:\/\/klaster-choczewo.pl\/"},{"@type":"ListItem","position":2,"name":"\u2060Koordynator"}]},{"@type":"WebSite","@id":"https:\/\/klaster-choczewo.pl\/#website","url":"https:\/\/klaster-choczewo.pl\/","name":"Choczewo Klaster Energii","description":"","potentialAction":[{"@type":"SearchAction","target":{"@type":"EntryPoint","urlTemplate":"https:\/\/klaster-choczewo.pl\/?s={search_term_string}"},"query-input":{"@type":"PropertyValueSpecification","valueRequired":true,"valueName":"search_term_string"}}],"inLanguage":"pl-PL"}]}},"_links":{"self":[{"href":"https:\/\/klaster-choczewo.pl\/index.php?rest_route=\/wp\/v2\/pages\/25","targetHints":{"allow":["GET"]}}],"collection":[{"href":"https:\/\/klaster-choczewo.pl\/index.php?rest_route=\/wp\/v2\/pages"}],"about":[{"href":"https:\/\/klaster-choczewo.pl\/index.php?rest_route=\/wp\/v2\/types\/page"}],"author":[{"embeddable":true,"href":"https:\/\/klaster-choczewo.pl\/index.php?rest_route=\/wp\/v2\/users\/1"}],"replies":[{"embeddable":true,"href":"https:\/\/klaster-choczewo.pl\/index.php?rest_route=%2Fwp%2Fv2%2Fcomments&post=25"}],"version-history":[{"count":14,"href":"https:\/\/klaster-choczewo.pl\/index.php?rest_route=\/wp\/v2\/pages\/25\/revisions"}],"predecessor-version":[{"id":318,"href":"https:\/\/klaster-choczewo.pl\/index.php?rest_route=\/wp\/v2\/pages\/25\/revisions\/318"}],"wp:attachment":[{"href":"https:\/\/klaster-choczewo.pl\/index.php?rest_route=%2Fwp%2Fv2%2Fmedia&parent=25"}],"curies":[{"name":"wp","href":"https:\/\/api.w.org\/{rel}","templated":true}]}}