{"id":27,"date":"2026-02-03T14:54:49","date_gmt":"2026-02-03T13:54:49","guid":{"rendered":"http:\/\/klaster-choczewo.pl\/?page_id=27"},"modified":"2026-03-19T16:08:51","modified_gmt":"2026-03-19T15:08:51","slug":"regulamin","status":"publish","type":"page","link":"https:\/\/klaster-choczewo.pl\/?page_id=27","title":{"rendered":"Regulamin"},"content":{"rendered":"\t\t<div data-elementor-type=\"wp-page\" data-elementor-id=\"27\" class=\"elementor elementor-27\">\n\t\t\t\t<div class=\"elementor-element elementor-element-c049d1a e-flex e-con-boxed e-con e-parent\" data-id=\"c049d1a\" data-element_type=\"container\" data-e-type=\"container\">\n\t\t\t\t\t<div class=\"e-con-inner\">\n\t\t\t\t<div class=\"elementor-element elementor-element-2657ad1 elementor-widget elementor-widget-text-editor\" data-id=\"2657ad1\" data-element_type=\"widget\" data-e-type=\"widget\" data-widget_type=\"text-editor.default\">\n\t\t\t\t\t\t\t\t\t<p>Strona w trakcie aktualizacji. Szczeg\u00f3\u0142y wkr\u00f3tce.<\/p>\t\t\t\t\t\t\t\t<\/div>\n\t\t\t\t\t<\/div>\n\t\t\t\t<\/div>\n\t\t\t\t<\/div>\n\t\t","protected":false},"excerpt":{"rendered":"<p>Strona w trakcie aktualizacji. Szczeg\u00f3\u0142y wkr\u00f3tce.<\/p>\n","protected":false},"author":1,"featured_media":0,"parent":0,"menu_order":0,"comment_status":"closed","ping_status":"closed","template":"elementor_header_footer","meta":{"footnotes":""},"class_list":["post-27","page","type-page","status-publish","hentry","entry"],"yoast_head":"<!-- This site is optimized with the Yoast SEO plugin v26.9 - https:\/\/yoast.com\/product\/yoast-seo-wordpress\/ -->\n<title>Regulamin - Choczewo Klaster Energii<\/title>\n<meta name=\"robots\" content=\"index, follow, max-snippet:-1, max-image-preview:large, max-video-preview:-1\" \/>\n<link rel=\"canonical\" href=\"https:\/\/klaster-choczewo.pl\/?page_id=27\" \/>\n<meta property=\"og:locale\" content=\"pl_PL\" \/>\n<meta property=\"og:type\" content=\"article\" \/>\n<meta property=\"og:title\" content=\"Regulamin - Choczewo Klaster Energii\" \/>\n<meta property=\"og:description\" content=\"Strona w trakcie aktualizacji. Szczeg\u00f3\u0142y wkr\u00f3tce.\" \/>\n<meta property=\"og:url\" content=\"https:\/\/klaster-choczewo.pl\/?page_id=27\" \/>\n<meta property=\"og:site_name\" content=\"Choczewo Klaster Energii\" \/>\n<meta property=\"article:modified_time\" content=\"2026-03-19T15:08:51+00:00\" \/>\n<meta name=\"twitter:label1\" content=\"Szacowany czas czytania\" \/>\n\t<meta name=\"twitter:data1\" content=\"1 minuta\" \/>\n<script type=\"application\/ld+json\" class=\"yoast-schema-graph\">{\"@context\":\"https:\/\/schema.org\",\"@graph\":[{\"@type\":\"WebPage\",\"@id\":\"https:\/\/klaster-choczewo.pl\/?page_id=27\",\"url\":\"https:\/\/klaster-choczewo.pl\/?page_id=27\",\"name\":\"Regulamin - Choczewo Klaster Energii\",\"isPartOf\":{\"@id\":\"https:\/\/klaster-choczewo.pl\/#website\"},\"datePublished\":\"2026-02-03T13:54:49+00:00\",\"dateModified\":\"2026-03-19T15:08:51+00:00\",\"breadcrumb\":{\"@id\":\"https:\/\/klaster-choczewo.pl\/?page_id=27#breadcrumb\"},\"inLanguage\":\"pl-PL\",\"potentialAction\":[{\"@type\":\"ReadAction\",\"target\":[\"https:\/\/klaster-choczewo.pl\/?page_id=27\"]}]},{\"@type\":\"BreadcrumbList\",\"@id\":\"https:\/\/klaster-choczewo.pl\/?page_id=27#breadcrumb\",\"itemListElement\":[{\"@type\":\"ListItem\",\"position\":1,\"name\":\"Home\",\"item\":\"https:\/\/klaster-choczewo.pl\/\"},{\"@type\":\"ListItem\",\"position\":2,\"name\":\"Regulamin\"}]},{\"@type\":\"WebSite\",\"@id\":\"https:\/\/klaster-choczewo.pl\/#website\",\"url\":\"https:\/\/klaster-choczewo.pl\/\",\"name\":\"Choczewo Klaster Energii\",\"description\":\"\",\"potentialAction\":[{\"@type\":\"SearchAction\",\"target\":{\"@type\":\"EntryPoint\",\"urlTemplate\":\"https:\/\/klaster-choczewo.pl\/?s={search_term_string}\"},\"query-input\":{\"@type\":\"PropertyValueSpecification\",\"valueRequired\":true,\"valueName\":\"search_term_string\"}}],\"inLanguage\":\"pl-PL\"}]}<\/script>\n<!-- \/ Yoast SEO plugin. -->","yoast_head_json":{"title":"Regulamin - Choczewo Klaster Energii","robots":{"index":"index","follow":"follow","max-snippet":"max-snippet:-1","max-image-preview":"max-image-preview:large","max-video-preview":"max-video-preview:-1"},"canonical":"https:\/\/klaster-choczewo.pl\/?page_id=27","og_locale":"pl_PL","og_type":"article","og_title":"Regulamin - Choczewo Klaster Energii","og_description":"Strona w trakcie aktualizacji. Szczeg\u00f3\u0142y wkr\u00f3tce.","og_url":"https:\/\/klaster-choczewo.pl\/?page_id=27","og_site_name":"Choczewo Klaster Energii","article_modified_time":"2026-03-19T15:08:51+00:00","twitter_misc":{"Szacowany czas czytania":"1 minuta"},"schema":{"@context":"https:\/\/schema.org","@graph":[{"@type":"WebPage","@id":"https:\/\/klaster-choczewo.pl\/?page_id=27","url":"https:\/\/klaster-choczewo.pl\/?page_id=27","name":"Regulamin - Choczewo Klaster Energii","isPartOf":{"@id":"https:\/\/klaster-choczewo.pl\/#website"},"datePublished":"2026-02-03T13:54:49+00:00","dateModified":"2026-03-19T15:08:51+00:00","breadcrumb":{"@id":"https:\/\/klaster-choczewo.pl\/?page_id=27#breadcrumb"},"inLanguage":"pl-PL","potentialAction":[{"@type":"ReadAction","target":["https:\/\/klaster-choczewo.pl\/?page_id=27"]}]},{"@type":"BreadcrumbList","@id":"https:\/\/klaster-choczewo.pl\/?page_id=27#breadcrumb","itemListElement":[{"@type":"ListItem","position":1,"name":"Home","item":"https:\/\/klaster-choczewo.pl\/"},{"@type":"ListItem","position":2,"name":"Regulamin"}]},{"@type":"WebSite","@id":"https:\/\/klaster-choczewo.pl\/#website","url":"https:\/\/klaster-choczewo.pl\/","name":"Choczewo Klaster Energii","description":"","potentialAction":[{"@type":"SearchAction","target":{"@type":"EntryPoint","urlTemplate":"https:\/\/klaster-choczewo.pl\/?s={search_term_string}"},"query-input":{"@type":"PropertyValueSpecification","valueRequired":true,"valueName":"search_term_string"}}],"inLanguage":"pl-PL"}]}},"_links":{"self":[{"href":"https:\/\/klaster-choczewo.pl\/index.php?rest_route=\/wp\/v2\/pages\/27","targetHints":{"allow":["GET"]}}],"collection":[{"href":"https:\/\/klaster-choczewo.pl\/index.php?rest_route=\/wp\/v2\/pages"}],"about":[{"href":"https:\/\/klaster-choczewo.pl\/index.php?rest_route=\/wp\/v2\/types\/page"}],"author":[{"embeddable":true,"href":"https:\/\/klaster-choczewo.pl\/index.php?rest_route=\/wp\/v2\/users\/1"}],"replies":[{"embeddable":true,"href":"https:\/\/klaster-choczewo.pl\/index.php?rest_route=%2Fwp%2Fv2%2Fcomments&post=27"}],"version-history":[{"count":7,"href":"https:\/\/klaster-choczewo.pl\/index.php?rest_route=\/wp\/v2\/pages\/27\/revisions"}],"predecessor-version":[{"id":303,"href":"https:\/\/klaster-choczewo.pl\/index.php?rest_route=\/wp\/v2\/pages\/27\/revisions\/303"}],"wp:attachment":[{"href":"https:\/\/klaster-choczewo.pl\/index.php?rest_route=%2Fwp%2Fv2%2Fmedia&parent=27"}],"curies":[{"name":"wp","href":"https:\/\/api.w.org\/{rel}","templated":true}]}}