{"id":29,"date":"2026-02-03T14:55:15","date_gmt":"2026-02-03T13:55:15","guid":{"rendered":"http:\/\/klaster-choczewo.pl\/?page_id=29"},"modified":"2026-02-09T14:16:49","modified_gmt":"2026-02-09T13:16:49","slug":"esg","status":"publish","type":"page","link":"https:\/\/klaster-choczewo.pl\/?page_id=29","title":{"rendered":"ESG"},"content":{"rendered":"\t\t<div data-elementor-type=\"wp-page\" data-elementor-id=\"29\" class=\"elementor elementor-29\">\n\t\t\t\t<div class=\"elementor-element elementor-element-5ffd5e1 e-flex e-con-boxed e-con e-parent\" data-id=\"5ffd5e1\" data-element_type=\"container\" data-e-type=\"container\">\n\t\t\t\t\t<div class=\"e-con-inner\">\n\t\t\t\t<div class=\"elementor-element elementor-element-8cd8944 elementor-widget elementor-widget-text-editor\" data-id=\"8cd8944\" data-element_type=\"widget\" data-e-type=\"widget\" data-widget_type=\"text-editor.default\">\n\t\t\t\t\t\t\t\t\t<p>Zr\u00f3wnowa\u017cony rozw\u00f3j i raportowanie ESG<\/p>\t\t\t\t\t\t\t\t<\/div>\n\t\t\t\t\t<\/div>\n\t\t\t\t<\/div>\n\t\t<div class=\"elementor-element elementor-element-8d187d4 e-flex e-con-boxed e-con e-parent\" data-id=\"8d187d4\" data-element_type=\"container\" data-e-type=\"container\">\n\t\t\t\t\t<div class=\"e-con-inner\">\n\t\t\t\t<div class=\"elementor-element elementor-element-5b99939 elementor-widget-divider--view-line elementor-widget elementor-widget-divider\" data-id=\"5b99939\" data-element_type=\"widget\" data-e-type=\"widget\" data-widget_type=\"divider.default\">\n\t\t\t\t\t\t\t<div class=\"elementor-divider\">\n\t\t\t<span class=\"elementor-divider-separator\">\n\t\t\t\t\t\t<\/span>\n\t\t<\/div>\n\t\t\t\t\t\t<\/div>\n\t\t\t\t\t<\/div>\n\t\t\t\t<\/div>\n\t\t<div class=\"elementor-element elementor-element-8bc673d e-flex e-con-boxed e-con e-parent\" data-id=\"8bc673d\" data-element_type=\"container\" data-e-type=\"container\">\n\t\t\t\t\t<div class=\"e-con-inner\">\n\t\t\t\t<div class=\"elementor-element elementor-element-f6cbb28 elementor-widget elementor-widget-text-editor\" data-id=\"f6cbb28\" data-element_type=\"widget\" data-e-type=\"widget\" data-widget_type=\"text-editor.default\">\n\t\t\t\t\t\t\t\t\t<p>Klaster Energii prowadzi swoj\u0105 dzia\u0142alno\u015b\u0107 w oparciu o zasady zr\u00f3wnowa\u017conego rozwoju, integruj\u0105c cele \u015brodowiskowe, spo\u0142eczne i zarz\u0105dcze (ESG) w funkcjonowaniu lokalnego systemu energetycznego. Rozw\u00f3j odnawialnych \u017ar\u00f3de\u0142 energii, magazynowanie, zwi\u0119kszanie autokonsumpcji oraz wykorzystanie zielonego wodoru pozwalaj\u0105 systematycznie ogranicza\u0107 emisje i budowa\u0107 zeroemisyjny, samobilansuj\u0105cy si\u0119 rynek energii.<\/p><p>Klaster wzmacnia lokalne bezpiecze\u0144stwo energetyczne, wspiera rozw\u00f3j gospodarczy i promuje odpowiedzialne wykorzystanie zasob\u00f3w. Wdro\u017cone systemy monitoringu i rozlicze\u0144 zapewniaj\u0105 przejrzysto\u015b\u0107 danych oraz umo\u017cliwiaj\u0105 mierzalno\u015b\u0107 efekt\u00f3w \u015brodowiskowych i ekonomicznych.<\/p><p>Cz\u0142onkowie klastra, w oparciu o wytwarzan\u0105 certyfikowan\u0105 zielon\u0105 energi\u0119, mog\u0105 uwzgl\u0119dnia\u0107 jej wykorzystanie w swoich raportach ESG, wspieraj\u0105c realizacj\u0119 cel\u00f3w klimatycznych, dekarbonizacj\u0119 dzia\u0142alno\u015bci oraz budow\u0119 zr\u00f3wnowa\u017conej warto\u015bci organizacji.<\/p><p>Lokalna energia. Mierzalna redukcja emisji. Odpowiedzialny rozw\u00f3j.<\/p>\t\t\t\t\t\t\t\t<\/div>\n\t\t\t\t\t<\/div>\n\t\t\t\t<\/div>\n\t\t\t\t<\/div>\n\t\t","protected":false},"excerpt":{"rendered":"<p>Zr\u00f3wnowa\u017cony rozw\u00f3j i raportowanie ESG Klaster Energii prowadzi swoj\u0105 dzia\u0142alno\u015b\u0107 w oparciu o zasady zr\u00f3wnowa\u017conego rozwoju, integruj\u0105c cele \u015brodowiskowe, spo\u0142eczne i zarz\u0105dcze (ESG) w funkcjonowaniu lokalnego systemu energetycznego. Rozw\u00f3j odnawialnych \u017ar\u00f3de\u0142 energii,<\/p>\n","protected":false},"author":1,"featured_media":0,"parent":0,"menu_order":0,"comment_status":"closed","ping_status":"closed","template":"elementor_header_footer","meta":{"footnotes":""},"class_list":["post-29","page","type-page","status-publish","hentry","entry"],"yoast_head":"<!-- This site is optimized with the Yoast SEO plugin v26.9 - https:\/\/yoast.com\/product\/yoast-seo-wordpress\/ -->\n<title>ESG - Choczewo Klaster Energii<\/title>\n<meta name=\"robots\" content=\"index, follow, max-snippet:-1, max-image-preview:large, max-video-preview:-1\" \/>\n<link rel=\"canonical\" href=\"https:\/\/klaster-choczewo.pl\/?page_id=29\" \/>\n<meta property=\"og:locale\" content=\"pl_PL\" \/>\n<meta property=\"og:type\" content=\"article\" \/>\n<meta property=\"og:title\" content=\"ESG - Choczewo Klaster Energii\" \/>\n<meta property=\"og:description\" content=\"Zr\u00f3wnowa\u017cony rozw\u00f3j i raportowanie ESG Klaster Energii prowadzi swoj\u0105 dzia\u0142alno\u015b\u0107 w oparciu o zasady zr\u00f3wnowa\u017conego rozwoju, integruj\u0105c cele \u015brodowiskowe, spo\u0142eczne i zarz\u0105dcze (ESG) w funkcjonowaniu lokalnego systemu energetycznego. Rozw\u00f3j odnawialnych \u017ar\u00f3de\u0142 energii,\" \/>\n<meta property=\"og:url\" content=\"https:\/\/klaster-choczewo.pl\/?page_id=29\" \/>\n<meta property=\"og:site_name\" content=\"Choczewo Klaster Energii\" \/>\n<meta property=\"article:modified_time\" content=\"2026-02-09T13:16:49+00:00\" \/>\n<meta name=\"twitter:label1\" content=\"Szacowany czas czytania\" \/>\n\t<meta name=\"twitter:data1\" content=\"1 minuta\" \/>\n<script type=\"application\/ld+json\" class=\"yoast-schema-graph\">{\"@context\":\"https:\/\/schema.org\",\"@graph\":[{\"@type\":\"WebPage\",\"@id\":\"https:\/\/klaster-choczewo.pl\/?page_id=29\",\"url\":\"https:\/\/klaster-choczewo.pl\/?page_id=29\",\"name\":\"ESG - Choczewo Klaster Energii\",\"isPartOf\":{\"@id\":\"https:\/\/klaster-choczewo.pl\/#website\"},\"datePublished\":\"2026-02-03T13:55:15+00:00\",\"dateModified\":\"2026-02-09T13:16:49+00:00\",\"breadcrumb\":{\"@id\":\"https:\/\/klaster-choczewo.pl\/?page_id=29#breadcrumb\"},\"inLanguage\":\"pl-PL\",\"potentialAction\":[{\"@type\":\"ReadAction\",\"target\":[\"https:\/\/klaster-choczewo.pl\/?page_id=29\"]}]},{\"@type\":\"BreadcrumbList\",\"@id\":\"https:\/\/klaster-choczewo.pl\/?page_id=29#breadcrumb\",\"itemListElement\":[{\"@type\":\"ListItem\",\"position\":1,\"name\":\"Home\",\"item\":\"https:\/\/klaster-choczewo.pl\/\"},{\"@type\":\"ListItem\",\"position\":2,\"name\":\"ESG\"}]},{\"@type\":\"WebSite\",\"@id\":\"https:\/\/klaster-choczewo.pl\/#website\",\"url\":\"https:\/\/klaster-choczewo.pl\/\",\"name\":\"Choczewo Klaster Energii\",\"description\":\"\",\"potentialAction\":[{\"@type\":\"SearchAction\",\"target\":{\"@type\":\"EntryPoint\",\"urlTemplate\":\"https:\/\/klaster-choczewo.pl\/?s={search_term_string}\"},\"query-input\":{\"@type\":\"PropertyValueSpecification\",\"valueRequired\":true,\"valueName\":\"search_term_string\"}}],\"inLanguage\":\"pl-PL\"}]}<\/script>\n<!-- \/ Yoast SEO plugin. -->","yoast_head_json":{"title":"ESG - Choczewo Klaster Energii","robots":{"index":"index","follow":"follow","max-snippet":"max-snippet:-1","max-image-preview":"max-image-preview:large","max-video-preview":"max-video-preview:-1"},"canonical":"https:\/\/klaster-choczewo.pl\/?page_id=29","og_locale":"pl_PL","og_type":"article","og_title":"ESG - Choczewo Klaster Energii","og_description":"Zr\u00f3wnowa\u017cony rozw\u00f3j i raportowanie ESG Klaster Energii prowadzi swoj\u0105 dzia\u0142alno\u015b\u0107 w oparciu o zasady zr\u00f3wnowa\u017conego rozwoju, integruj\u0105c cele \u015brodowiskowe, spo\u0142eczne i zarz\u0105dcze (ESG) w funkcjonowaniu lokalnego systemu energetycznego. Rozw\u00f3j odnawialnych \u017ar\u00f3de\u0142 energii,","og_url":"https:\/\/klaster-choczewo.pl\/?page_id=29","og_site_name":"Choczewo Klaster Energii","article_modified_time":"2026-02-09T13:16:49+00:00","twitter_misc":{"Szacowany czas czytania":"1 minuta"},"schema":{"@context":"https:\/\/schema.org","@graph":[{"@type":"WebPage","@id":"https:\/\/klaster-choczewo.pl\/?page_id=29","url":"https:\/\/klaster-choczewo.pl\/?page_id=29","name":"ESG - Choczewo Klaster Energii","isPartOf":{"@id":"https:\/\/klaster-choczewo.pl\/#website"},"datePublished":"2026-02-03T13:55:15+00:00","dateModified":"2026-02-09T13:16:49+00:00","breadcrumb":{"@id":"https:\/\/klaster-choczewo.pl\/?page_id=29#breadcrumb"},"inLanguage":"pl-PL","potentialAction":[{"@type":"ReadAction","target":["https:\/\/klaster-choczewo.pl\/?page_id=29"]}]},{"@type":"BreadcrumbList","@id":"https:\/\/klaster-choczewo.pl\/?page_id=29#breadcrumb","itemListElement":[{"@type":"ListItem","position":1,"name":"Home","item":"https:\/\/klaster-choczewo.pl\/"},{"@type":"ListItem","position":2,"name":"ESG"}]},{"@type":"WebSite","@id":"https:\/\/klaster-choczewo.pl\/#website","url":"https:\/\/klaster-choczewo.pl\/","name":"Choczewo Klaster Energii","description":"","potentialAction":[{"@type":"SearchAction","target":{"@type":"EntryPoint","urlTemplate":"https:\/\/klaster-choczewo.pl\/?s={search_term_string}"},"query-input":{"@type":"PropertyValueSpecification","valueRequired":true,"valueName":"search_term_string"}}],"inLanguage":"pl-PL"}]}},"_links":{"self":[{"href":"https:\/\/klaster-choczewo.pl\/index.php?rest_route=\/wp\/v2\/pages\/29","targetHints":{"allow":["GET"]}}],"collection":[{"href":"https:\/\/klaster-choczewo.pl\/index.php?rest_route=\/wp\/v2\/pages"}],"about":[{"href":"https:\/\/klaster-choczewo.pl\/index.php?rest_route=\/wp\/v2\/types\/page"}],"author":[{"embeddable":true,"href":"https:\/\/klaster-choczewo.pl\/index.php?rest_route=\/wp\/v2\/users\/1"}],"replies":[{"embeddable":true,"href":"https:\/\/klaster-choczewo.pl\/index.php?rest_route=%2Fwp%2Fv2%2Fcomments&post=29"}],"version-history":[{"count":5,"href":"https:\/\/klaster-choczewo.pl\/index.php?rest_route=\/wp\/v2\/pages\/29\/revisions"}],"predecessor-version":[{"id":358,"href":"https:\/\/klaster-choczewo.pl\/index.php?rest_route=\/wp\/v2\/pages\/29\/revisions\/358"}],"wp:attachment":[{"href":"https:\/\/klaster-choczewo.pl\/index.php?rest_route=%2Fwp%2Fv2%2Fmedia&parent=29"}],"curies":[{"name":"wp","href":"https:\/\/api.w.org\/{rel}","templated":true}]}}