{"id":64,"date":"2026-02-03T20:48:29","date_gmt":"2026-02-03T19:48:29","guid":{"rendered":"http:\/\/klaster-choczewo.pl\/?page_id=64"},"modified":"2026-02-09T13:54:36","modified_gmt":"2026-02-09T12:54:36","slug":"systemy-energetyczne-klastra","status":"publish","type":"page","link":"https:\/\/klaster-choczewo.pl\/?page_id=64","title":{"rendered":"Systemy Energetyczne Klastra"},"content":{"rendered":"\t\t<div data-elementor-type=\"wp-page\" data-elementor-id=\"64\" class=\"elementor elementor-64\">\n\t\t\t\t<div class=\"elementor-element elementor-element-845a4db e-flex e-con-boxed e-con e-parent\" data-id=\"845a4db\" data-element_type=\"container\" data-e-type=\"container\">\n\t\t\t\t\t<div class=\"e-con-inner\">\n\t\t\t\t<div class=\"elementor-element elementor-element-ba94ede elementor-widget elementor-widget-text-editor\" data-id=\"ba94ede\" data-element_type=\"widget\" data-e-type=\"widget\" data-widget_type=\"text-editor.default\">\n\t\t\t\t\t\t\t\t\t<p>Systemy Energetyczne Klastra<\/p>\t\t\t\t\t\t\t\t<\/div>\n\t\t\t\t\t<\/div>\n\t\t\t\t<\/div>\n\t\t<div class=\"elementor-element elementor-element-08e91aa e-flex e-con-boxed e-con e-parent\" data-id=\"08e91aa\" data-element_type=\"container\" data-e-type=\"container\">\n\t\t\t\t\t<div class=\"e-con-inner\">\n\t\t\t\t<div class=\"elementor-element elementor-element-9bc7291 elementor-widget-divider--view-line elementor-widget elementor-widget-divider\" data-id=\"9bc7291\" data-element_type=\"widget\" data-e-type=\"widget\" data-widget_type=\"divider.default\">\n\t\t\t\t\t\t\t<div class=\"elementor-divider\">\n\t\t\t<span class=\"elementor-divider-separator\">\n\t\t\t\t\t\t<\/span>\n\t\t<\/div>\n\t\t\t\t\t\t<\/div>\n\t\t\t\t\t<\/div>\n\t\t\t\t<\/div>\n\t\t<div class=\"elementor-element elementor-element-9c334f5 e-flex e-con-boxed e-con e-parent\" data-id=\"9c334f5\" data-element_type=\"container\" data-e-type=\"container\">\n\t\t\t\t\t<div class=\"e-con-inner\">\n\t\t\t\t<div class=\"elementor-element elementor-element-cec6ec5 elementor-widget elementor-widget-text-editor\" data-id=\"cec6ec5\" data-element_type=\"widget\" data-e-type=\"widget\" data-widget_type=\"text-editor.default\">\n\t\t\t\t\t\t\t\t\t<p>Klaster Energii funkcjonuje zgodnie z za\u0142o\u017ceniami obowi\u0105zuj\u0105cych przepis\u00f3w prawa, obejmuj\u0105c swoim dzia\u0142aniem trzy kluczowe obszary lokalnego systemu energetycznego: energi\u0119 elektryczn\u0105, energi\u0119 ciepln\u0105 oraz gazy techniczne \u2014 w szczeg\u00f3lno\u015bci zielony wod\u00f3r wytwarzany z odnawialnych \u017ar\u00f3de\u0142 energii.<\/p><p>Fundamentem dzia\u0142ania klastra jest integracja produkcji, magazynowania i wykorzystania energii w jednym sp\u00f3jnym ekosystemie. Rozw\u00f3j magazyn\u00f3w energii oraz technologii wodorowych umo\u017cliwia stabilizacj\u0119 systemu, zwi\u0119kszenie bezpiecze\u0144stwa energetycznego oraz efektywne bilansowanie lokalnej produkcji i zu\u017cycia.<\/p><p>Klaster konsekwentnie d\u0105\u017cy do maksymalizacji autokonsumpcji energii wytwarzanej lokalnie, ograniczenia strat systemowych oraz budowy samobilansuj\u0105cego si\u0119, zeroemisyjnego rynku energii opartego na wsp\u00f3\u0142pracy uczestnik\u00f3w i inteligentnym zarz\u0105dzaniu zasobami.<\/p><p>To praktyczny model transformacji energetycznej \u2014 od lokalnej produkcji, przez magazynowanie i inteligentne zarz\u0105dzanie, a\u017c po efektywne i zeroemisyjne wykorzystanie energii w gospodarce, ciep\u0142ownictwie i zastosowaniach wodorowych.<\/p>\t\t\t\t\t\t\t\t<\/div>\n\t\t\t\t\t<\/div>\n\t\t\t\t<\/div>\n\t\t\t\t<\/div>\n\t\t","protected":false},"excerpt":{"rendered":"<p>Systemy Energetyczne Klastra Klaster Energii funkcjonuje zgodnie z za\u0142o\u017ceniami obowi\u0105zuj\u0105cych przepis\u00f3w prawa, obejmuj\u0105c swoim dzia\u0142aniem trzy kluczowe obszary lokalnego systemu energetycznego: energi\u0119 elektryczn\u0105, energi\u0119 ciepln\u0105 oraz gazy techniczne \u2014 w szczeg\u00f3lno\u015bci zielony<\/p>\n","protected":false},"author":1,"featured_media":0,"parent":0,"menu_order":0,"comment_status":"closed","ping_status":"closed","template":"elementor_header_footer","meta":{"footnotes":""},"class_list":["post-64","page","type-page","status-publish","hentry","entry"],"yoast_head":"<!-- This site is optimized with the Yoast SEO plugin v26.9 - https:\/\/yoast.com\/product\/yoast-seo-wordpress\/ -->\n<title>Systemy Energetyczne Klastra - Choczewo Klaster Energii<\/title>\n<meta name=\"robots\" content=\"index, follow, max-snippet:-1, max-image-preview:large, max-video-preview:-1\" \/>\n<link rel=\"canonical\" href=\"https:\/\/klaster-choczewo.pl\/?page_id=64\" \/>\n<meta property=\"og:locale\" content=\"pl_PL\" \/>\n<meta property=\"og:type\" content=\"article\" \/>\n<meta property=\"og:title\" content=\"Systemy Energetyczne Klastra - Choczewo Klaster Energii\" \/>\n<meta property=\"og:description\" content=\"Systemy Energetyczne Klastra Klaster Energii funkcjonuje zgodnie z za\u0142o\u017ceniami obowi\u0105zuj\u0105cych przepis\u00f3w prawa, obejmuj\u0105c swoim dzia\u0142aniem trzy kluczowe obszary lokalnego systemu energetycznego: energi\u0119 elektryczn\u0105, energi\u0119 ciepln\u0105 oraz gazy techniczne \u2014 w szczeg\u00f3lno\u015bci zielony\" \/>\n<meta property=\"og:url\" content=\"https:\/\/klaster-choczewo.pl\/?page_id=64\" \/>\n<meta property=\"og:site_name\" content=\"Choczewo Klaster Energii\" \/>\n<meta property=\"article:modified_time\" content=\"2026-02-09T12:54:36+00:00\" \/>\n<meta name=\"twitter:label1\" content=\"Szacowany czas czytania\" \/>\n\t<meta name=\"twitter:data1\" content=\"1 minuta\" \/>\n<script type=\"application\/ld+json\" class=\"yoast-schema-graph\">{\"@context\":\"https:\/\/schema.org\",\"@graph\":[{\"@type\":\"WebPage\",\"@id\":\"https:\/\/klaster-choczewo.pl\/?page_id=64\",\"url\":\"https:\/\/klaster-choczewo.pl\/?page_id=64\",\"name\":\"Systemy Energetyczne Klastra - Choczewo Klaster Energii\",\"isPartOf\":{\"@id\":\"https:\/\/klaster-choczewo.pl\/#website\"},\"datePublished\":\"2026-02-03T19:48:29+00:00\",\"dateModified\":\"2026-02-09T12:54:36+00:00\",\"breadcrumb\":{\"@id\":\"https:\/\/klaster-choczewo.pl\/?page_id=64#breadcrumb\"},\"inLanguage\":\"pl-PL\",\"potentialAction\":[{\"@type\":\"ReadAction\",\"target\":[\"https:\/\/klaster-choczewo.pl\/?page_id=64\"]}]},{\"@type\":\"BreadcrumbList\",\"@id\":\"https:\/\/klaster-choczewo.pl\/?page_id=64#breadcrumb\",\"itemListElement\":[{\"@type\":\"ListItem\",\"position\":1,\"name\":\"Home\",\"item\":\"https:\/\/klaster-choczewo.pl\/\"},{\"@type\":\"ListItem\",\"position\":2,\"name\":\"Systemy Energetyczne Klastra\"}]},{\"@type\":\"WebSite\",\"@id\":\"https:\/\/klaster-choczewo.pl\/#website\",\"url\":\"https:\/\/klaster-choczewo.pl\/\",\"name\":\"Choczewo Klaster Energii\",\"description\":\"\",\"potentialAction\":[{\"@type\":\"SearchAction\",\"target\":{\"@type\":\"EntryPoint\",\"urlTemplate\":\"https:\/\/klaster-choczewo.pl\/?s={search_term_string}\"},\"query-input\":{\"@type\":\"PropertyValueSpecification\",\"valueRequired\":true,\"valueName\":\"search_term_string\"}}],\"inLanguage\":\"pl-PL\"}]}<\/script>\n<!-- \/ Yoast SEO plugin. -->","yoast_head_json":{"title":"Systemy Energetyczne Klastra - Choczewo Klaster Energii","robots":{"index":"index","follow":"follow","max-snippet":"max-snippet:-1","max-image-preview":"max-image-preview:large","max-video-preview":"max-video-preview:-1"},"canonical":"https:\/\/klaster-choczewo.pl\/?page_id=64","og_locale":"pl_PL","og_type":"article","og_title":"Systemy Energetyczne Klastra - Choczewo Klaster Energii","og_description":"Systemy Energetyczne Klastra Klaster Energii funkcjonuje zgodnie z za\u0142o\u017ceniami obowi\u0105zuj\u0105cych przepis\u00f3w prawa, obejmuj\u0105c swoim dzia\u0142aniem trzy kluczowe obszary lokalnego systemu energetycznego: energi\u0119 elektryczn\u0105, energi\u0119 ciepln\u0105 oraz gazy techniczne \u2014 w szczeg\u00f3lno\u015bci zielony","og_url":"https:\/\/klaster-choczewo.pl\/?page_id=64","og_site_name":"Choczewo Klaster Energii","article_modified_time":"2026-02-09T12:54:36+00:00","twitter_misc":{"Szacowany czas czytania":"1 minuta"},"schema":{"@context":"https:\/\/schema.org","@graph":[{"@type":"WebPage","@id":"https:\/\/klaster-choczewo.pl\/?page_id=64","url":"https:\/\/klaster-choczewo.pl\/?page_id=64","name":"Systemy Energetyczne Klastra - Choczewo Klaster Energii","isPartOf":{"@id":"https:\/\/klaster-choczewo.pl\/#website"},"datePublished":"2026-02-03T19:48:29+00:00","dateModified":"2026-02-09T12:54:36+00:00","breadcrumb":{"@id":"https:\/\/klaster-choczewo.pl\/?page_id=64#breadcrumb"},"inLanguage":"pl-PL","potentialAction":[{"@type":"ReadAction","target":["https:\/\/klaster-choczewo.pl\/?page_id=64"]}]},{"@type":"BreadcrumbList","@id":"https:\/\/klaster-choczewo.pl\/?page_id=64#breadcrumb","itemListElement":[{"@type":"ListItem","position":1,"name":"Home","item":"https:\/\/klaster-choczewo.pl\/"},{"@type":"ListItem","position":2,"name":"Systemy Energetyczne Klastra"}]},{"@type":"WebSite","@id":"https:\/\/klaster-choczewo.pl\/#website","url":"https:\/\/klaster-choczewo.pl\/","name":"Choczewo Klaster Energii","description":"","potentialAction":[{"@type":"SearchAction","target":{"@type":"EntryPoint","urlTemplate":"https:\/\/klaster-choczewo.pl\/?s={search_term_string}"},"query-input":{"@type":"PropertyValueSpecification","valueRequired":true,"valueName":"search_term_string"}}],"inLanguage":"pl-PL"}]}},"_links":{"self":[{"href":"https:\/\/klaster-choczewo.pl\/index.php?rest_route=\/wp\/v2\/pages\/64","targetHints":{"allow":["GET"]}}],"collection":[{"href":"https:\/\/klaster-choczewo.pl\/index.php?rest_route=\/wp\/v2\/pages"}],"about":[{"href":"https:\/\/klaster-choczewo.pl\/index.php?rest_route=\/wp\/v2\/types\/page"}],"author":[{"embeddable":true,"href":"https:\/\/klaster-choczewo.pl\/index.php?rest_route=\/wp\/v2\/users\/1"}],"replies":[{"embeddable":true,"href":"https:\/\/klaster-choczewo.pl\/index.php?rest_route=%2Fwp%2Fv2%2Fcomments&post=64"}],"version-history":[{"count":5,"href":"https:\/\/klaster-choczewo.pl\/index.php?rest_route=\/wp\/v2\/pages\/64\/revisions"}],"predecessor-version":[{"id":211,"href":"https:\/\/klaster-choczewo.pl\/index.php?rest_route=\/wp\/v2\/pages\/64\/revisions\/211"}],"wp:attachment":[{"href":"https:\/\/klaster-choczewo.pl\/index.php?rest_route=%2Fwp%2Fv2%2Fmedia&parent=64"}],"curies":[{"name":"wp","href":"https:\/\/api.w.org\/{rel}","templated":true}]}}